{"id":22,"date":"2018-10-31T20:24:55","date_gmt":"2018-10-31T20:24:55","guid":{"rendered":"https:\/\/mikesterren.ch\/?page_id=22"},"modified":"2025-09-14T20:12:40","modified_gmt":"2025-09-14T19:12:40","slug":"hochzeitsmusiker","status":"publish","type":"page","link":"https:\/\/mikesterren.ch\/en\/hochzeitsmusiker\/","title":{"rendered":"Weddingsinger"},"content":{"rendered":"<div class=\"wp-block-media-text alignwide is-stacked-on-mobile is-image-fill-element has-white-color has-text-color has-link-color wp-elements-e54687f0636c6b69e6ec3add204982c7\" style=\"grid-template-columns:48% auto\"><figure class=\"wp-block-media-text__media\"><img fetchpriority=\"high\" decoding=\"async\" width=\"1024\" height=\"816\" src=\"https:\/\/mikesterren.ch\/wp-content\/uploads\/2023\/01\/2022_Hochzeit_Grengiols-1024x816.jpg\" alt=\"\" class=\"wp-image-357 size-medium\" style=\"object-position:49% 28%\" srcset=\"https:\/\/mikesterren.ch\/wp-content\/uploads\/2023\/01\/2022_Hochzeit_Grengiols-1024x816.jpg 1024w, https:\/\/mikesterren.ch\/wp-content\/uploads\/2023\/01\/2022_Hochzeit_Grengiols-scaled-600x478.jpg 600w, https:\/\/mikesterren.ch\/wp-content\/uploads\/2023\/01\/2022_Hochzeit_Grengiols-300x239.jpg 300w, https:\/\/mikesterren.ch\/wp-content\/uploads\/2023\/01\/2022_Hochzeit_Grengiols-768x612.jpg 768w, https:\/\/mikesterren.ch\/wp-content\/uploads\/2023\/01\/2022_Hochzeit_Grengiols-1536x1224.jpg 1536w, https:\/\/mikesterren.ch\/wp-content\/uploads\/2023\/01\/2022_Hochzeit_Grengiols-2048x1633.jpg 2048w, https:\/\/mikesterren.ch\/wp-content\/uploads\/2023\/01\/2022_Hochzeit_Grengiols-75x60.jpg 75w, https:\/\/mikesterren.ch\/wp-content\/uploads\/2023\/01\/2022_Hochzeit_Grengiols-113x90.jpg 113w\" sizes=\"(max-width: 1024px) 100vw, 1024px\" \/><\/figure><div class=\"wp-block-media-text__content\">\n<p class=\"has-black-color has-text-color\"><mark style=\"background-color:rgba(0, 0, 0, 0)\" class=\"has-inline-color has-white-color\">I have been accompanying couples on their most beautiful day with my voice for many years. I play a part in the music at the wedding fairs and can thus actively share in the emotions of the wedding parties. I sing English songs as well as songs in dialect. Of course I also fulfill requests.<\/mark><\/p>\n\n\n\n<p class=\"has-black-color has-text-color\"><mark style=\"background-color:rgba(0, 0, 0, 0)\" class=\"has-inline-color has-white-color\">My repertoire, costs, fee and all other information can be found in the factsheet below (only in German language). <\/mark><\/p>\n\n\n\n<p class=\"has-black-color has-text-color\">I look forward to your request.<\/p>\n<\/div><\/div>\n\n\n\n<hr class=\"wp-block-separator has-alpha-channel-opacity\"\/>\n\n\n\n<h3 class=\"wp-block-heading\">Factsheet Weddingsinger (German only)<\/h3>\n\n\n\n<div data-wp-interactive=\"core\/file\" class=\"wp-block-file\"><object data-wp-bind--hidden=\"!state.hasPdfPreview\" hidden class=\"wp-block-file__embed\" data=\"https:\/\/mikesterren.ch\/wp-content\/uploads\/2022\/12\/Hochzeitsmusiker_V4_2023.pdf\" type=\"application\/pdf\" style=\"width:100%;height:600px\" aria-label=\"Embed of Hochzeitsmusiker_V4_2023.\"><\/object><a id=\"wp-block-file--media-68d8411f-924b-4e51-8f26-45c79e31e476\" href=\"https:\/\/mikesterren.ch\/wp-content\/uploads\/2022\/12\/Hochzeitsmusiker_V4_2023.pdf\">Hochzeitsmusiker_V4_2023<\/a><a href=\"https:\/\/mikesterren.ch\/wp-content\/uploads\/2022\/12\/Hochzeitsmusiker_V4_2023.pdf\" class=\"wp-block-file__button wp-element-button\" download aria-describedby=\"wp-block-file--media-68d8411f-924b-4e51-8f26-45c79e31e476\">Herunterladen<\/a><\/div>\n\n\n\n<h4 class=\"wp-block-heading\">&nbsp;<\/h4>\n\n\n\n<h4 class=\"wp-block-heading\">Swiss Dialect Songs<\/h4>\n\n\n\n<figure class=\"wp-block-image size-large is-resized\"><img decoding=\"async\" width=\"1024\" height=\"1024\" src=\"https:\/\/mikesterren.ch\/wp-content\/uploads\/2024\/12\/EP-Ja-ich-will-1024x1024.png\" alt=\"\" class=\"wp-image-863\" style=\"width:370px;height:auto\" srcset=\"https:\/\/mikesterren.ch\/wp-content\/uploads\/2024\/12\/EP-Ja-ich-will-1024x1024.png 1024w, https:\/\/mikesterren.ch\/wp-content\/uploads\/2024\/12\/EP-Ja-ich-will-300x300.png 300w, https:\/\/mikesterren.ch\/wp-content\/uploads\/2024\/12\/EP-Ja-ich-will-150x150.png 150w, https:\/\/mikesterren.ch\/wp-content\/uploads\/2024\/12\/EP-Ja-ich-will-768x768.png 768w, https:\/\/mikesterren.ch\/wp-content\/uploads\/2024\/12\/EP-Ja-ich-will-1536x1536.png 1536w, https:\/\/mikesterren.ch\/wp-content\/uploads\/2024\/12\/EP-Ja-ich-will-2048x2048.png 2048w, https:\/\/mikesterren.ch\/wp-content\/uploads\/2024\/12\/EP-Ja-ich-will-12x12.png 12w, https:\/\/mikesterren.ch\/wp-content\/uploads\/2024\/12\/EP-Ja-ich-will-666x666.png 666w, https:\/\/mikesterren.ch\/wp-content\/uploads\/2024\/12\/EP-Ja-ich-will-600x600.png 600w, https:\/\/mikesterren.ch\/wp-content\/uploads\/2024\/12\/EP-Ja-ich-will-100x100.png 100w, https:\/\/mikesterren.ch\/wp-content\/uploads\/2024\/12\/EP-Ja-ich-will-60x60.png 60w, https:\/\/mikesterren.ch\/wp-content\/uploads\/2024\/12\/EP-Ja-ich-will-90x90.png 90w\" sizes=\"(max-width: 1024px) 100vw, 1024px\" \/><\/figure>\n\n\n\n<p><em><mark style=\"background-color:rgba(0, 0, 0, 0)\" class=\"has-inline-color has-white-color\">\u00c4s br\u00fc\u00fccht nit vil:<\/mark><\/em><\/p>\n\n\n\n<figure class=\"wp-block-audio\"><audio controls src=\"https:\/\/mikesterren.ch\/wp-content\/uploads\/2025\/09\/01-Aes-brueuecht-nit-vil_MASTER_3.mp3\"><\/audio><\/figure>\n\n\n\n<p><em><mark style=\"background-color:rgba(0, 0, 0, 0)\" class=\"has-inline-color has-white-color\">Hand in Hand:<\/mark><\/em><\/p>\n\n\n\n<figure class=\"wp-block-audio\"><audio controls src=\"https:\/\/mikesterren.ch\/wp-content\/uploads\/2025\/09\/02_Hand-in-Hand_MASTER_2.mp3\"><\/audio><\/figure>\n\n\n\n<p><em><mark style=\"background-color:rgba(0, 0, 0, 0)\" class=\"has-inline-color has-white-color\">Ja ich will:<\/mark><\/em><\/p>\n\n\n\n<figure class=\"wp-block-audio\"><audio controls src=\"https:\/\/mikesterren.ch\/wp-content\/uploads\/2025\/09\/03-Ja-ich-will_MASTER.mp3\"><\/audio><\/figure>\n\n\n\n<p><em><mark style=\"background-color:rgba(0, 0, 0, 0)\" class=\"has-inline-color has-white-color\">Fiir und Flamma:<\/mark><\/em><\/p>\n\n\n\n<figure class=\"wp-block-audio\"><audio controls src=\"https:\/\/mikesterren.ch\/wp-content\/uploads\/2025\/09\/04-Fiir-und-Flamma_MASTER.mp3\"><\/audio><\/figure>\n\n\n\n<p><em><mark style=\"background-color:rgba(0, 0, 0, 0)\" class=\"has-inline-color has-white-color\">Ohni Dich:<\/mark><\/em><\/p>\n\n\n\n<figure class=\"wp-block-audio\"><audio controls src=\"https:\/\/mikesterren.ch\/wp-content\/uploads\/2025\/09\/05-Ohni-Dich_MASTER.mp3\"><\/audio><\/figure>\n\n\n\n<p><em><mark style=\"background-color:rgba(0, 0, 0, 0)\" class=\"has-inline-color has-white-color\">Fer immer bi Di\u00e4r (Shallow):<\/mark><\/em><\/p>\n\n\n\n<figure class=\"wp-block-audio\"><audio controls src=\"https:\/\/mikesterren.ch\/wp-content\/uploads\/2025\/09\/06-Fer-immer-bi-Diaer_MASTER.mp3\"><\/audio><\/figure>","protected":false},"excerpt":{"rendered":"<p>Seit vielen Jahren darf ich Paare an ihrem sch\u00f6nsten Tag mit meiner Stimme begleiten. Ich gestalte die Hochzeitsmessen musikalisch mit<\/p>\n<p><a href=\"https:\/\/mikesterren.ch\/en\/hochzeitsmusiker\/\" class=\"more-link\">Continue reading<span class=\"screen-reader-text\">Weddingsinger<\/span><\/a><\/p>","protected":false},"author":1,"featured_media":0,"parent":0,"menu_order":0,"comment_status":"closed","ping_status":"closed","template":"templates\/full-width-page.php","meta":{"_monsterinsights_skip_tracking":false,"_monsterinsights_sitenote_active":false,"_monsterinsights_sitenote_note":"","_monsterinsights_sitenote_category":0,"jetpack_post_was_ever_published":false,"footnotes":""},"class_list":["post-22","page","type-page","status-publish","hentry"],"aioseo_notices":[],"jetpack_sharing_enabled":true,"jetpack_shortlink":"https:\/\/wp.me\/PapwKn-m","_links":{"self":[{"href":"https:\/\/mikesterren.ch\/en\/wp-json\/wp\/v2\/pages\/22","targetHints":{"allow":["GET"]}}],"collection":[{"href":"https:\/\/mikesterren.ch\/en\/wp-json\/wp\/v2\/pages"}],"about":[{"href":"https:\/\/mikesterren.ch\/en\/wp-json\/wp\/v2\/types\/page"}],"author":[{"embeddable":true,"href":"https:\/\/mikesterren.ch\/en\/wp-json\/wp\/v2\/users\/1"}],"replies":[{"embeddable":true,"href":"https:\/\/mikesterren.ch\/en\/wp-json\/wp\/v2\/comments?post=22"}],"version-history":[{"count":27,"href":"https:\/\/mikesterren.ch\/en\/wp-json\/wp\/v2\/pages\/22\/revisions"}],"predecessor-version":[{"id":908,"href":"https:\/\/mikesterren.ch\/en\/wp-json\/wp\/v2\/pages\/22\/revisions\/908"}],"wp:attachment":[{"href":"https:\/\/mikesterren.ch\/en\/wp-json\/wp\/v2\/media?parent=22"}],"curies":[{"name":"wp","href":"https:\/\/api.w.org\/{rel}","templated":true}]}}