{"id":700,"date":"2024-07-08T10:19:59","date_gmt":"2024-07-08T09:19:59","guid":{"rendered":"https:\/\/mikesterren.ch\/?page_id=700"},"modified":"2024-11-01T11:55:45","modified_gmt":"2024-11-01T10:55:45","slug":"coboy","status":"publish","type":"page","link":"https:\/\/mikesterren.ch\/en\/coboy\/","title":{"rendered":"Coboy"},"content":{"rendered":"<div class=\"wp-block-image\">\n<figure class=\"aligncenter size-full\"><img fetchpriority=\"high\" decoding=\"async\" width=\"5125\" height=\"2888\" src=\"https:\/\/mikesterren.ch\/wp-content\/uploads\/2024\/10\/Headerbilder_Coboy_out-now1.png\" alt=\"\" class=\"wp-image-842\" srcset=\"https:\/\/mikesterren.ch\/wp-content\/uploads\/2024\/10\/Headerbilder_Coboy_out-now1.png 5125w, https:\/\/mikesterren.ch\/wp-content\/uploads\/2024\/10\/Headerbilder_Coboy_out-now1-300x169.png 300w, https:\/\/mikesterren.ch\/wp-content\/uploads\/2024\/10\/Headerbilder_Coboy_out-now1-1024x577.png 1024w, https:\/\/mikesterren.ch\/wp-content\/uploads\/2024\/10\/Headerbilder_Coboy_out-now1-768x433.png 768w, https:\/\/mikesterren.ch\/wp-content\/uploads\/2024\/10\/Headerbilder_Coboy_out-now1-1536x866.png 1536w, https:\/\/mikesterren.ch\/wp-content\/uploads\/2024\/10\/Headerbilder_Coboy_out-now1-2048x1154.png 2048w, https:\/\/mikesterren.ch\/wp-content\/uploads\/2024\/10\/Headerbilder_Coboy_out-now1-18x10.png 18w, https:\/\/mikesterren.ch\/wp-content\/uploads\/2024\/10\/Headerbilder_Coboy_out-now1-600x338.png 600w, https:\/\/mikesterren.ch\/wp-content\/uploads\/2024\/10\/Headerbilder_Coboy_out-now1-106x60.png 106w, https:\/\/mikesterren.ch\/wp-content\/uploads\/2024\/10\/Headerbilder_Coboy_out-now1-160x90.png 160w\" sizes=\"(max-width: 5125px) 100vw, 5125px\" \/><\/figure>\n<\/div>\n\n\n<h2 class=\"wp-block-heading\">Ileitig<\/h2>\n\n\n\n<p class=\"has-white-color has-text-color has-link-color wp-elements-cdebc767c90eeed2784b9d1766175a2c\">Nenei.. \u00c4sch kei Schribfehler. &#8218;Cowboy&#8216; in Wallisertitsch isch halt \u00e4mal &#8218;Coboy&#8216; wobii der &#8218;w&#8216; bewusst w\u00e4gglah wird. Was uf \u00e4nglisch &#8218;Cow&#8216; = Ch\u00fce, isch uf Wallisertitsch &#8218;Co&#8216; =&#8230; = \u00e4ch \u00e4s teent eifach besser.. Stellet che vor, iischereim singti vom &#8218;Ch\u00fcebotsch&#8216;, zwar&#8230; \u00c4ba bl\u00f6di Idee.<\/p>\n\n\n\n<h2 class=\"wp-block-heading\"><strong>Di Gschicht vom Billy &#8222;das Chind&#8220;<\/strong><\/h2>\n\n\n\n<div class=\"wp-block-media-text is-stacked-on-mobile\" style=\"grid-template-columns:35% auto\"><figure class=\"wp-block-media-text__media\"><img decoding=\"async\" width=\"211\" height=\"300\" src=\"https:\/\/mikesterren.ch\/wp-content\/uploads\/2024\/07\/Coboy-211x300.jpg\" alt=\"\" class=\"wp-image-710 size-medium\" srcset=\"https:\/\/mikesterren.ch\/wp-content\/uploads\/2024\/07\/Coboy-211x300.jpg 211w, https:\/\/mikesterren.ch\/wp-content\/uploads\/2024\/07\/Coboy-719x1024.jpg 719w, https:\/\/mikesterren.ch\/wp-content\/uploads\/2024\/07\/Coboy-768x1094.jpg 768w, https:\/\/mikesterren.ch\/wp-content\/uploads\/2024\/07\/Coboy-1079x1536.jpg 1079w, https:\/\/mikesterren.ch\/wp-content\/uploads\/2024\/07\/Coboy-8x12.jpg 8w, https:\/\/mikesterren.ch\/wp-content\/uploads\/2024\/07\/Coboy-600x855.jpg 600w, https:\/\/mikesterren.ch\/wp-content\/uploads\/2024\/07\/Coboy-42x60.jpg 42w, https:\/\/mikesterren.ch\/wp-content\/uploads\/2024\/07\/Coboy-63x90.jpg 63w, https:\/\/mikesterren.ch\/wp-content\/uploads\/2024\/07\/Coboy.jpg 1438w\" sizes=\"(max-width: 211px) 100vw, 211px\" \/><\/figure><div class=\"wp-block-media-text__content\">\n<p class=\"has-white-color has-text-color has-link-color wp-elements-439fbdda80e62180b8ace60167687129\">Jajajaja.. Mu m\u00fcess scho s\u00e4ge, der Coboy ine Lieder &#8211; der &#8222;Billy das Chind&#8220; &#8211; meint, \u00e4r siige \u00e4n wahre Held! \u00c4r isch durch z&#8217;Land gizogu und het bari Indianer abgmurgst! Ine St\u00e4dt heinsch mu schiinbar der Whisky afa gratis gig\u00e4h! So Angscht heigesch vor ihm ka. Die Sheriffs heige schi nit gitruwwt, ihm eppis z&#8217;s\u00e4ge, vergiss de, ihnu z&#8217;verhaftu. Der einzigo, wo mu har und dar \u00e4n Strich durch d&#8217;R\u00e4chnig gmacht het &#8211; und das stimmt &#8211; isch \u00e4n Coboy namens L\u00fccki Lagg xii! &#8222;Wenni das Blagg \u00e4stagsch verwitschu&#8220;, het der Billy gmeint. \u00c4s paar Mal heiges w\u00e4ge dem L\u00fccki miessu fl\u00fcchtu. Und de isch da nu an andre xii namens Lucky Irgend\u00e4swie. Der het ver R\u00e4cht und Ornig gl\u00fceget und isch durch z&#8217;Schiessiisu vom Billy umcho. Obwohl der schinbar schn\u00e4ller siige xii als schiine eigund Schatto!<\/p>\n<\/div><\/div>\n\n\n\n<p class=\"has-white-color has-text-color has-link-color wp-elements-ff0f7daeb62cfe293a0d34cc850107a4\"><em>Pic by Emily Sterren<\/em><\/p>\n\n\n\n<p class=\"has-white-color has-text-color has-link-color wp-elements-b1229279374509d5af85598c9f4ea0ea\">Iische &#8222;Billy das Chind&#8220; het denu Lucky Irgendwas de schliessli \u00e4stagsch \u00e4mal ina Hinnerhalt glockt, het gwartut und gwartut und ufzmal ischer erschinu. So verzellt sus d&#8217;Leg\u00e4nde (meischtens ima Saloon). Gaanz gmietli mit schiinum Reschi und duma koomischu Hund ischer derh\u00e4r grittu. &#8218;Hoo Pferd&#8216; het der Lucky xeit (kei M\u00e4nsch weiss meh, wie der Gaul gheissu het) . Uf jedu Fall het der Billy feige \u00fcsum Hinnerhalt giziilt und gschossu.. Peng &#8211; und tot ischer xii..! Im Wiltu Wallis sind Wettine in Gang, dass der Schatto vo dem Lucky immer nu da steege, woner erschossu wordu isch.<\/p>\n\n\n\n<h2 class=\"wp-block-heading\">L\u00fccki Lagg<\/h2>\n\n\n\n<p class=\"has-white-color has-text-color has-link-color wp-elements-e16bf7a4667fa9cfca379b23fa1361be\">Der L\u00fccki Lagg, \u00e4n andre Coboy, isch da ganz annersch. \u00c4r isch \u00e4n r\u00e4chte Ehrenmann und g\u00fcete Fr\u00f6ind vom Danielo dum Barkeeper und dum Sheriff H.R. \u00c4r het die ganzu Gschichte uber denu Lucky Irgendwas und schiine Erschiesser kehrt und unner schiinum Coboyh\u00fcet abgspiichrut. Ihm sind de so einigi Liechtjini \u00fcfgangu, summi schn\u00e4ller, summi langsamer. Jedufall het \u00e4r appa als einzige du Schatto vom Lucky \u00fcfr\u00e4chtstehend xee. \u00c4r isch schinbar genau gat zer \u00e4hnlichu Zit da durch grittu, wo der Billy du Lucky erschossu het. Im Halfter vom totu Coboy isch \u00e4n Colt gschteckt mit schiine Initiale, also L.L., igrawiert. Der L\u00fccki het das damals als Zeichu xee und der Colt gat s\u00e4lber igipackt und als schiine eigunu erklehrt. Schiine Fr\u00f6ind, der Danielo der Barkeeper, het no de \u00fcfgiklehrt und vo barum schl\u00e4chtu Gwissu, het der L\u00fccki Lagg de gschworu, das Schiessiisu in Ehru z&#8217;haltu.<\/p>\n\n\n\n<p class=\"has-white-color has-text-color has-link-color wp-elements-a583afcb08741be6d2ea9bab12b45b21\">Wo de der Billy das Chind vil vil speeter nu schiine Fr\u00f6ind, du Danielo du Barkeeper, eifach so erschossu het, het schich der L\u00fccki Rache gschwooru. \u00c4r het das vorg\u00e4ngig aber uhefli elegant gmacht und 3 Lieder gschribu. \u00c4r het dum Billy wellu \u00fcfzeigu, dass \u00f6i \u00e4r \u00e4stagsch inne St\u00f6ib und Dr\u00e4ck biist oder ver sus in schiine Wort \u00fcs z&#8217;dricku, dass der Sensu- oder Lassoman \u00f6i ihnu eines Tages wird holu. Und \u00e4bu gat die Gschicht verzellt der L\u00fccki ine 3 Lieder &#8222;Junge Coboy&#8220;, &#8222;Alte Coboy&#8220; und &#8222;Tote Coboy&#8220;.<\/p>\n\n\n\n<h2 class=\"wp-block-heading\">D&#8217;Lieder<\/h2>\n\n\n\n<p class=\"has-white-color has-text-color has-link-color wp-elements-eb73fd3e0e8d20f02ba4095b5f4519d3\"><strong>Junge Coboy<br><\/strong>Der Protagonischt ine Lieder vom L\u00fccki Lagg ischt \u00e4bu genau der &#8222;Billy das Chind&#8220;. Wie das im L\u00e4bu \u00f6i so geit, ischer jung, nacher alt und schluss\u00e4ntli tot.<br>Als junge Coboy rittuder durch di Pr\u00e4rie und zeigt g\u00e4ru schiine Colt (z&#8217;Gwerr), wo wortw\u00f6rtlich &#8218;gspannt&#8216; im Halfter wartet (wennd weisch, wasi meinu).. \u00c4r xeet schich ufum beschtu W\u00e4g, \u00e4n Held z&#8217;w\u00e4rdu und beachtut daderbii die wichtigschtusch Regl vom wildu Weschtu: \u00c4r steit immer mim Rigg g\u00e4gu d&#8217;Wand. Und trotz dem \u00fcsgipr\u00e4gtu Narzissmus heter \u00f6i Vorbilder! Das sind jeeni, wo im Elter aner Bar im Saloon stehnt und ihrusch Whisky kippent. \u00c4bu \u00f6i settigi, wo z&#8217;ganz L\u00e4bu lang mim Rigg g\u00e4gu d&#8217;Wand gstandu sind.<\/p>\n\n\n\n<p class=\"has-white-color has-text-color has-link-color wp-elements-72dffa97ff7760d6f3e827201bf8419a\"><strong>Alte Coboy<br><\/strong>Jede Coboy wird eines Tages an alte Coboy sii. Einsam und \u00e4lei rittuder durch d&#8217;Steppe und freeget schich, was eiguntli \u00fcs schiinum L\u00e4bu wordu isch. \u00c4r setzt schich mim Tod \u00fcsenand und wird schich bewusst, dass die Zit ihrusch R\u00e4cht eines Tages ifordrut und der Tod no wird z&#8217;schich holu. Und nei, \u00e4s geit w\u00e4rli nimme lang.. \u00c4r kehrt no scho fl\u00fcschtru&#8230; Kehrsch no \u00f6i?<\/p>\n\n\n\n<p class=\"has-white-color has-text-color has-link-color wp-elements-d6c9cd9d206d63bca2a7b27fc1728f23\">Im Wind&#8230; Durch di Pr\u00e4rie&#8230;<br>\u00c4r deicht nimme gross an das, wo isch xii.<br>\u00c4r weiss, d&#8217;einzig Gr\u00e4chtigkeit isch die,<br>dass am \u00c4ndi alli gliich w\u00e4rdend sii..<\/p>\n\n\n\n<p class=\"has-white-color has-text-color has-link-color wp-elements-c9dd607bfcc5488a80edbf447a8033ae\">Z&#8217;gliicha wie ihm, bliet \u00f6i da dene jungu Wiltu. \u00d6i die choment alti (oder de \u00e4bu nit). Derz\u00fce z&#8217;s\u00e4gu isch, dass schiine Mustang scho lang gipreicht het. Der Billy geit z&#8217;F\u00fcess.<\/p>\n\n\n\n<p class=\"has-white-color has-text-color has-link-color wp-elements-a1dad1e55c8ad4771fb071e537708c15\"><strong>Tote Coboy<br><\/strong>Und de verwitschts \u00f6i ihnu und schluss\u00e4ntli ischer nur nu an tote Coboy. St\u00f6ib und Dr\u00e4ck! Der Sensuma het no gholt. \u00c4r het schich Zit glah, schee vil Zit. Uber d&#8217;Umst\u00e4nd vom Tod vom Billy isch nit vil bekannt &#8211; nu nit! Leg\u00e4nde s\u00e4gend, dass der Geischt vom Danielo, dum Barkeeper, wo \u00e4r im Elter ohni ersichtliche Grund erschossu het, Rache an ihm gnu het. Wie mag aber der Tod in Wirklichkeit \u00fcsxee? Wer isch der vermeintlich Sensenmann? Und warum zum Tiifl het der L\u00fccki Lagg so as Lied gschribu im Z\u00e4muhang mit dem Coboy, wo schiine Kolleg Danielo umgibrunug het? Und was het der Sheriff H.R. mit der ganzu Sach z&#8217;t\u00fce? Eis isch sicher: Der Billy das Chind rittut jetz n\u00e4bum Tod uf schiinum Geischterpferd durch die Pr\u00e4rie &#8211; uf immer und ewig!<\/p>\n\n\n\n<h2 class=\"wp-block-heading\">D&#8217;Idee<\/h2>\n\n\n\n<p class=\"has-white-color has-text-color has-link-color wp-elements-945a8cee7b5b7f40255040c6d8ae40ef\">Country (G\u00f6ntri) isch an sehr intressante M\u00fcsigstil und ungl\u00f6iblich vielf\u00e4ltig. \u00dcs damals Cash und Co. isch hittu Beyonc\u00e9 wordu. Dasch vilii nit z&#8217;beschtusch Biispil, aber wasi will s\u00e4ge: da zwischunt dri giz uhefli vil anneri.. Eric Lee, Eric Paslay, Jake Owen, Drake White, Redecca Lynn Howard (an ungl\u00f6iblichi Stimm), Belles, Amber Rae, Taylor Austin Dye und Troy Cartwright. Letschtere isch miine pers\u00f6nlich Favorit. Die alli vorgnanntu machent dum hittigu Country-Loser-Ohri agipassti M\u00fc\u00fcsig, wo de wirklich g\u00fcet isch. Aber de giz da nu die raaru P\u00e4rle wie der Colter Wall. \u00c4chte, \u00e4rdige und uralt wirkunde Country. Und darum isch der Wunsch \u00fcfcho, \u00f6i mal &#8218;G\u00f6ntry&#8216; in dem Schtiil z&#8217;machu. Mier isch de pl\u00f6tzlich zicho, dass miis Tanti \u00e4n Gitar het mima fasch un\u00fcsspr\u00e4chlichu elter..<\/p>\n\n\n\n<h2 class=\"wp-block-heading\">Di Gitar<\/h2>\n\n\n\n<p class=\"has-white-color has-text-color has-link-color wp-elements-6312fdf07001f1242645619c38b18805\">Das Ding chroosut und schepprut<br>\u00c4s toosut und chlepfut<br>Die Saite vergilbt<br>Scho lang nimme gspilt<br>Voner Zit is gizeichnut, wie Furche im Xicht<br>Sind Rissa im Holz nit nur d&#8217;\u00fcssruschtusch Schicht<br>\u00c4n 50er hez koschtut inera Zit lang verbii<br>D\u00fcezumal isch das nu verdammt vil xii<br>Doch der Klang bliibt \u00e4so, wie ich deno will<br>Die Gitar beditut dum Coboy, uhefli vill<\/p>\n\n\n\n<p class=\"has-white-color has-text-color has-link-color wp-elements-15798013cafa34ee92d0a42ea6a5cb85\">W\u00e4rli wirkli wahr, was da obuna steit.. Miinu erschtu Spilvers\u00fcecha hanich damals genau uf der Gitar gmacht.. Hittu, 20 Jahr speeter, het mich der Klang wider mal inschpiriert. \u00c4r isch genau das, was \u00e4n Coboysong br\u00fc\u00fccht. Und so is cho, dasi mit der 60ig j\u00e4hrig Gitar die drii Lieder gschribu ha. An M\u00f6chtegern-Coboy mitera antiku Gitar..<\/p>\n\n\n\n<h2 class=\"wp-block-heading\">Der Dank<\/h2>\n\n\n\n<p class=\"has-white-color has-text-color has-link-color wp-elements-cafcf1e43257f413177202daccf3f4ae\">Merci all dene Loser (Loser = Zuh\u00f6rer, nit z&#8217;andra) und uf Social Media-Teiler.. Ohni ew gengis nit.. Danke iischum Coboy, dum L\u00fccki Lagg, ver die spannend Gschicht, dum Sam ver di Coveridee und special Effektsound Idee sowie der Emily ver z&#8217;Coboybild ufer Homepage (s\u00e4lbsch gizeichnut!!).. Danke dum Barkeeper Danielo Theler &#8211; \u00e4r isch \u00fcbrigens \u00e4n Nachbar, also nit vo mi\u00e4r -, dum Sheriff H.R. und der Stefanie ver ihru Stimme iner Gschicht. Merci Tanti-Moni ver die Gitar \u00fcszleihu &#8211; scho wider!<\/p>\n\n\n\n<p class=\"has-white-color has-text-color has-link-color wp-elements-407f1cad9c26b554d98e67cffa359851\">Ewwe Walliser Coboy!<\/p>\n\n\n\n<hr class=\"wp-block-separator has-alpha-channel-opacity is-style-wide\"\/>","protected":false},"excerpt":{"rendered":"<p>Ileitig Nenei.. \u00c4sch kei Schribfehler. &#8218;Cowboy&#8216; in Wallisertitsch isch halt \u00e4mal &#8218;Coboy&#8216; wobii der &#8218;w&#8216; bewusst w\u00e4gglah wird. Was uf<\/p>\n<p><a href=\"https:\/\/mikesterren.ch\/en\/coboy\/\" class=\"more-link\">Continue reading<span class=\"screen-reader-text\">Coboy<\/span><\/a><\/p>","protected":false},"author":1,"featured_media":0,"parent":0,"menu_order":0,"comment_status":"closed","ping_status":"closed","template":"templates\/full-width-page.php","meta":{"_monsterinsights_skip_tracking":false,"_monsterinsights_sitenote_active":false,"_monsterinsights_sitenote_note":"","_monsterinsights_sitenote_category":0,"jetpack_post_was_ever_published":false,"footnotes":""},"class_list":["post-700","page","type-page","status-publish","hentry"],"aioseo_notices":[],"jetpack_sharing_enabled":true,"jetpack_shortlink":"https:\/\/wp.me\/PapwKn-bi","_links":{"self":[{"href":"https:\/\/mikesterren.ch\/en\/wp-json\/wp\/v2\/pages\/700","targetHints":{"allow":["GET"]}}],"collection":[{"href":"https:\/\/mikesterren.ch\/en\/wp-json\/wp\/v2\/pages"}],"about":[{"href":"https:\/\/mikesterren.ch\/en\/wp-json\/wp\/v2\/types\/page"}],"author":[{"embeddable":true,"href":"https:\/\/mikesterren.ch\/en\/wp-json\/wp\/v2\/users\/1"}],"replies":[{"embeddable":true,"href":"https:\/\/mikesterren.ch\/en\/wp-json\/wp\/v2\/comments?post=700"}],"version-history":[{"count":57,"href":"https:\/\/mikesterren.ch\/en\/wp-json\/wp\/v2\/pages\/700\/revisions"}],"predecessor-version":[{"id":850,"href":"https:\/\/mikesterren.ch\/en\/wp-json\/wp\/v2\/pages\/700\/revisions\/850"}],"wp:attachment":[{"href":"https:\/\/mikesterren.ch\/en\/wp-json\/wp\/v2\/media?parent=700"}],"curies":[{"name":"wp","href":"https:\/\/api.w.org\/{rel}","templated":true}]}}